{"id":2636,"date":"2021-02-24T13:06:05","date_gmt":"2021-02-24T12:06:05","guid":{"rendered":"https:\/\/www.imkerhof-salzburg.at\/bienen\/?page_id=2636"},"modified":"2023-03-20T12:02:59","modified_gmt":"2023-03-20T11:02:59","slug":"home","status":"publish","type":"page","link":"https:\/\/imkerhof-salzburg.at\/shop\/home\/","title":{"rendered":"Home"},"content":{"rendered":"\t\t<div data-elementor-type=\"wp-page\" data-elementor-id=\"2636\" class=\"elementor elementor-2636\">\n\t\t\t\t\t\t<section class=\"elementor-section elementor-top-section elementor-element elementor-element-6363917 elementor-section-boxed elementor-section-height-default elementor-section-height-default\" data-id=\"6363917\" data-element_type=\"section\" data-e-type=\"section\">\n\t\t\t\t\t\t<div class=\"elementor-container elementor-column-gap-default\">\n\t\t\t\t\t<div class=\"elementor-column elementor-col-100 elementor-top-column elementor-element elementor-element-1430701\" data-id=\"1430701\" data-element_type=\"column\" data-e-type=\"column\">\n\t\t\t<div class=\"elementor-widget-wrap elementor-element-populated\">\n\t\t\t\t\t\t<div class=\"elementor-element elementor-element-6fd85a8 elementor-widget elementor-widget-heading\" data-id=\"6fd85a8\" data-element_type=\"widget\" data-e-type=\"widget\" data-widget_type=\"heading.default\">\n\t\t\t\t<div class=\"elementor-widget-container\">\n\t\t\t\t\t<h1 class=\"elementor-heading-title elementor-size-default\">Salzburger Imkerschaft<\/h1>\t\t\t\t<\/div>\n\t\t\t\t<\/div>\n\t\t\t\t\t<\/div>\n\t\t<\/div>\n\t\t\t\t\t<\/div>\n\t\t<\/section>\n\t\t\t\t<section class=\"elementor-section elementor-top-section elementor-element elementor-element-9e36ff5 elementor-section-boxed elementor-section-height-default elementor-section-height-default\" data-id=\"9e36ff5\" data-element_type=\"section\" data-e-type=\"section\">\n\t\t\t\t\t\t<div class=\"elementor-container elementor-column-gap-default\">\n\t\t\t\t\t<div class=\"elementor-column elementor-col-66 elementor-top-column elementor-element elementor-element-274bc41\" data-id=\"274bc41\" data-element_type=\"column\" data-e-type=\"column\">\n\t\t\t<div class=\"elementor-widget-wrap elementor-element-populated\">\n\t\t\t\t\t\t<div class=\"elementor-element elementor-element-94b3004 elementor-widget elementor-widget-text-editor\" data-id=\"94b3004\" data-element_type=\"widget\" data-e-type=\"widget\" data-widget_type=\"text-editor.default\">\n\t\t\t\t<div class=\"elementor-widget-container\">\n\t\t\t\t\t\t\t\t\t<p>Liebe Imker\/Innen und Bienenfreunde,<\/p><p>herzlichen Dank f\u00fcr euren Besuch auf unserer Homepage!<\/p><p>Wir sind der Imkerhof des Landesverbandes f\u00fcr Imkerei und Bienenzucht im Bundesland Salzburg. Wir sehen uns als ein Treffpunkt f\u00fcr Imker\/Innen und alle, denen unsere Bienen am Herzen liegen. Als solcher ist es uns ein Anliegen f\u00fcr unsere Imker\/Innen als kompetenter Ansprechpartner f\u00fcr Imkereimaterial, Varroa Bek\u00e4mpfungsmittel, Schulungen und Honigprodukte jederzeit Rede und Antwort stehen zu k\u00f6nnen.<\/p><div class=\"right\"><strong>IMKERHOF SALZBURG<\/strong><\/div>\t\t\t\t\t\t\t\t<\/div>\n\t\t\t\t<\/div>\n\t\t\t\t\t<\/div>\n\t\t<\/div>\n\t\t\t\t<div class=\"elementor-column elementor-col-33 elementor-top-column elementor-element elementor-element-2028933\" data-id=\"2028933\" data-element_type=\"column\" data-e-type=\"column\">\n\t\t\t<div class=\"elementor-widget-wrap elementor-element-populated\">\n\t\t\t\t\t\t<div class=\"elementor-element elementor-element-9ab4fbe elementor-widget elementor-widget-wp-widget-recent-posts\" data-id=\"9ab4fbe\" data-element_type=\"widget\" data-e-type=\"widget\" data-widget_type=\"wp-widget-recent-posts.default\">\n\t\t\t\t<div class=\"elementor-widget-container\">\n\t\t\t\t\t\n\t\t\n\t\t<h5>Neueste Beitr\u00e4ge<\/h5>\n\t\t<ul>\n\t\t\t\t\t\t\t\t\t\t\t<li>\n\t\t\t\t\t<a href=\"https:\/\/imkerhof-salzburg.at\/shop\/2024\/04\/03\/wachstour-fruehling-2024\/\">Wachstour Fr\u00fchling 2024<\/a>\n\t\t\t\t\t\t\t\t\t<\/li>\n\t\t\t\t\t\t\t\t\t\t\t<li>\n\t\t\t\t\t<a href=\"https:\/\/imkerhof-salzburg.at\/shop\/2024\/01\/16\/neueinsteigertag\/\">Neueinsteigertag<\/a>\n\t\t\t\t\t\t\t\t\t<\/li>\n\t\t\t\t\t\t\t\t\t\t\t<li>\n\t\t\t\t\t<a href=\"https:\/\/imkerhof-salzburg.at\/shop\/2023\/11\/14\/landesimkertag-2024\/\">Landesimkertag 2024<\/a>\n\t\t\t\t\t\t\t\t\t<\/li>\n\t\t\t\t\t<\/ul>\n\n\t\t\t\t\t\t<\/div>\n\t\t\t\t<\/div>\n\t\t\t\t\t<\/div>\n\t\t<\/div>\n\t\t\t\t\t<\/div>\n\t\t<\/section>\n\t\t\t\t<section class=\"elementor-section elementor-top-section elementor-element elementor-element-dc59fe1 elementor-section-boxed elementor-section-height-default elementor-section-height-default\" data-id=\"dc59fe1\" data-element_type=\"section\" data-e-type=\"section\">\n\t\t\t\t\t\t<div class=\"elementor-container elementor-column-gap-default\">\n\t\t\t\t\t<div class=\"elementor-column elementor-col-100 elementor-top-column elementor-element elementor-element-8be2a1f\" data-id=\"8be2a1f\" data-element_type=\"column\" data-e-type=\"column\">\n\t\t\t<div class=\"elementor-widget-wrap elementor-element-populated\">\n\t\t\t\t\t\t<div class=\"elementor-element elementor-element-2564b86 elementor-widget elementor-widget-spacer\" data-id=\"2564b86\" data-element_type=\"widget\" data-e-type=\"widget\" data-widget_type=\"spacer.default\">\n\t\t\t\t<div class=\"elementor-widget-container\">\n\t\t\t\t\t\t\t<div class=\"elementor-spacer\">\n\t\t\t<div class=\"elementor-spacer-inner\"><\/div>\n\t\t<\/div>\n\t\t\t\t\t\t<\/div>\n\t\t\t\t<\/div>\n\t\t\t\t\t<\/div>\n\t\t<\/div>\n\t\t\t\t\t<\/div>\n\t\t<\/section>\n\t\t\t\t<section class=\"elementor-section elementor-top-section elementor-element elementor-element-f1ff5cf elementor-section-boxed elementor-section-height-default elementor-section-height-default\" data-id=\"f1ff5cf\" data-element_type=\"section\" data-e-type=\"section\">\n\t\t\t\t\t\t<div class=\"elementor-container elementor-column-gap-default\">\n\t\t\t\t\t<div class=\"elementor-column elementor-col-50 elementor-top-column elementor-element elementor-element-861479d\" data-id=\"861479d\" data-element_type=\"column\" data-e-type=\"column\">\n\t\t\t<div class=\"elementor-widget-wrap elementor-element-populated\">\n\t\t\t\t\t\t<div class=\"elementor-element elementor-element-6694269 elementor-arrows-position-inside elementor-widget elementor-widget-image-carousel\" data-id=\"6694269\" data-element_type=\"widget\" data-e-type=\"widget\" data-settings=\"{&quot;slides_to_show&quot;:&quot;1&quot;,&quot;navigation&quot;:&quot;arrows&quot;,&quot;autoplay&quot;:&quot;yes&quot;,&quot;pause_on_hover&quot;:&quot;yes&quot;,&quot;pause_on_interaction&quot;:&quot;yes&quot;,&quot;autoplay_speed&quot;:5000,&quot;infinite&quot;:&quot;yes&quot;,&quot;effect&quot;:&quot;slide&quot;,&quot;speed&quot;:500}\" data-widget_type=\"image-carousel.default\">\n\t\t\t\t<div class=\"elementor-widget-container\">\n\t\t\t\t\t\t\t<div class=\"elementor-image-carousel-wrapper swiper\" role=\"region\" aria-roledescription=\"carousel\" aria-label=\"Bild Karussell\" dir=\"ltr\">\n\t\t\t<div class=\"elementor-image-carousel swiper-wrapper\" aria-live=\"off\">\n\t\t\t\t\t\t\t\t<div class=\"swiper-slide\" role=\"group\" aria-roledescription=\"slide\" aria-label=\"1 von 34\"><figure class=\"swiper-slide-inner\"><img decoding=\"async\" class=\"swiper-slide-image\" src=\"https:\/\/i0.wp.com\/imkerhof-salzburg.at\/shop\/wp-content\/uploads\/2022\/02\/Design-ohne-Titel.jpg?fit=1080%2C1080&amp;ssl=1\" alt=\"Nicot F\u00fctterer\" \/><\/figure><\/div><div class=\"swiper-slide\" role=\"group\" aria-roledescription=\"slide\" aria-label=\"2 von 34\"><figure class=\"swiper-slide-inner\"><img decoding=\"async\" class=\"swiper-slide-image\" src=\"https:\/\/i0.wp.com\/imkerhof-salzburg.at\/shop\/wp-content\/uploads\/2021\/05\/Fluglochschieber.jpg?fit=801%2C801&amp;ssl=1\" alt=\"Fluglochschieber\" \/><\/figure><\/div><div class=\"swiper-slide\" role=\"group\" aria-roledescription=\"slide\" aria-label=\"3 von 34\"><figure class=\"swiper-slide-inner\"><img decoding=\"async\" class=\"swiper-slide-image\" src=\"https:\/\/i0.wp.com\/imkerhof-salzburg.at\/shop\/wp-content\/uploads\/2021\/04\/Apiinvert.jpg?fit=801%2C801&amp;ssl=1\" alt=\"Apiinvert\" \/><\/figure><\/div><div class=\"swiper-slide\" role=\"group\" aria-roledescription=\"slide\" aria-label=\"4 von 34\"><figure class=\"swiper-slide-inner\"><img decoding=\"async\" class=\"swiper-slide-image\" src=\"https:\/\/i0.wp.com\/imkerhof-salzburg.at\/shop\/wp-content\/uploads\/2021\/05\/Stockmeissel.jpg?fit=801%2C801&amp;ssl=1\" alt=\"Stockmei\u00dfel\" \/><\/figure><\/div><div class=\"swiper-slide\" role=\"group\" aria-roledescription=\"slide\" aria-label=\"5 von 34\"><figure class=\"swiper-slide-inner\"><img decoding=\"async\" class=\"swiper-slide-image\" src=\"https:\/\/i0.wp.com\/imkerhof-salzburg.at\/shop\/wp-content\/uploads\/2021\/05\/Nelkenoel.jpg?fit=801%2C801&amp;ssl=1\" alt=\"Nelken\u00f6l\" \/><\/figure><\/div><div class=\"swiper-slide\" role=\"group\" aria-roledescription=\"slide\" aria-label=\"6 von 34\"><figure class=\"swiper-slide-inner\"><img decoding=\"async\" class=\"swiper-slide-image\" src=\"https:\/\/i0.wp.com\/imkerhof-salzburg.at\/shop\/wp-content\/uploads\/2021\/05\/Wabendraht-04.jpg?fit=801%2C801&amp;ssl=1\" alt=\"R\u00e4hmchendraht\" \/><\/figure><\/div><div class=\"swiper-slide\" role=\"group\" aria-roledescription=\"slide\" aria-label=\"7 von 34\"><figure class=\"swiper-slide-inner\"><img decoding=\"async\" class=\"swiper-slide-image\" src=\"https:\/\/i0.wp.com\/imkerhof-salzburg.at\/shop\/wp-content\/uploads\/2021\/05\/Drahtspanner.jpg?fit=801%2C801&amp;ssl=1\" alt=\"Drahtspanner\" \/><\/figure><\/div><div class=\"swiper-slide\" role=\"group\" aria-roledescription=\"slide\" aria-label=\"8 von 34\"><figure class=\"swiper-slide-inner\"><img decoding=\"async\" class=\"swiper-slide-image\" src=\"https:\/\/i0.wp.com\/imkerhof-salzburg.at\/shop\/wp-content\/uploads\/2021\/05\/Queen-Marker.jpg?fit=801%2C801&amp;ssl=1\" alt=\"Queen Marker\" \/><\/figure><\/div><div class=\"swiper-slide\" role=\"group\" aria-roledescription=\"slide\" aria-label=\"9 von 34\"><figure class=\"swiper-slide-inner\"><img decoding=\"async\" class=\"swiper-slide-image\" src=\"https:\/\/i0.wp.com\/imkerhof-salzburg.at\/shop\/wp-content\/uploads\/2021\/04\/Api-Forte.jpg?fit=801%2C801&amp;ssl=1\" alt=\"Apiforte\" \/><\/figure><\/div><div class=\"swiper-slide\" role=\"group\" aria-roledescription=\"slide\" aria-label=\"10 von 34\"><figure class=\"swiper-slide-inner\"><img decoding=\"async\" class=\"swiper-slide-image\" src=\"https:\/\/i0.wp.com\/imkerhof-salzburg.at\/shop\/wp-content\/uploads\/2021\/05\/Zeichengeraet-transparent.jpg?fit=801%2C801&amp;ssl=1\" alt=\"Zeichenger\u00e4t transparent\" \/><\/figure><\/div><div class=\"swiper-slide\" role=\"group\" aria-roledescription=\"slide\" aria-label=\"11 von 34\"><figure class=\"swiper-slide-inner\"><img decoding=\"async\" class=\"swiper-slide-image\" src=\"https:\/\/i0.wp.com\/imkerhof-salzburg.at\/shop\/wp-content\/uploads\/2021\/05\/Zeichengeraete.jpg?fit=801%2C801&amp;ssl=1\" alt=\"Zeichenger\u00e4te\" \/><\/figure><\/div><div class=\"swiper-slide\" role=\"group\" aria-roledescription=\"slide\" aria-label=\"12 von 34\"><figure class=\"swiper-slide-inner\"><img decoding=\"async\" class=\"swiper-slide-image\" src=\"https:\/\/i0.wp.com\/imkerhof-salzburg.at\/shop\/wp-content\/uploads\/2021\/05\/Zuckel-divers.jpg?fit=801%2C801&amp;ssl=1\" alt=\"Zuckerl\" \/><\/figure><\/div><div class=\"swiper-slide\" role=\"group\" aria-roledescription=\"slide\" aria-label=\"13 von 34\"><figure class=\"swiper-slide-inner\"><img decoding=\"async\" class=\"swiper-slide-image\" src=\"https:\/\/i0.wp.com\/imkerhof-salzburg.at\/shop\/wp-content\/uploads\/2021\/05\/Entdeckelungswanne-weiss.jpg?fit=800%2C800&amp;ssl=1\" alt=\"Entdeckelungswanne\" \/><\/figure><\/div><div class=\"swiper-slide\" role=\"group\" aria-roledescription=\"slide\" aria-label=\"14 von 34\"><figure class=\"swiper-slide-inner\"><img decoding=\"async\" class=\"swiper-slide-image\" src=\"https:\/\/i0.wp.com\/imkerhof-salzburg.at\/shop\/wp-content\/uploads\/2021\/05\/Nicot-Zuchtset.jpg?fit=801%2C801&amp;ssl=1\" alt=\"Zuchtset\" \/><\/figure><\/div><div class=\"swiper-slide\" role=\"group\" aria-roledescription=\"slide\" aria-label=\"15 von 34\"><figure class=\"swiper-slide-inner\"><img decoding=\"async\" class=\"swiper-slide-image\" src=\"https:\/\/i0.wp.com\/imkerhof-salzburg.at\/shop\/wp-content\/uploads\/2021\/05\/Nicot-Aufsteckkaefig-mit-Sockel-3.jpg?fit=801%2C801&amp;ssl=1\" alt=\"Nicot\" \/><\/figure><\/div><div class=\"swiper-slide\" role=\"group\" aria-roledescription=\"slide\" aria-label=\"16 von 34\"><figure class=\"swiper-slide-inner\"><img decoding=\"async\" class=\"swiper-slide-image\" src=\"https:\/\/i0.wp.com\/imkerhof-salzburg.at\/shop\/wp-content\/uploads\/2021\/05\/Mittelwaende.jpg?fit=801%2C801&amp;ssl=1\" alt=\"Mittelw\u00e4nde\" \/><\/figure><\/div><div class=\"swiper-slide\" role=\"group\" aria-roledescription=\"slide\" aria-label=\"17 von 34\"><figure class=\"swiper-slide-inner\"><img decoding=\"async\" class=\"swiper-slide-image\" src=\"https:\/\/i0.wp.com\/imkerhof-salzburg.at\/shop\/wp-content\/uploads\/2021\/04\/Api-Candy-Proteico.jpg?fit=801%2C801&amp;ssl=1\" alt=\"Api Proteico\" \/><\/figure><\/div><div class=\"swiper-slide\" role=\"group\" aria-roledescription=\"slide\" aria-label=\"18 von 34\"><figure class=\"swiper-slide-inner\"><img decoding=\"async\" class=\"swiper-slide-image\" src=\"https:\/\/i0.wp.com\/imkerhof-salzburg.at\/shop\/wp-content\/uploads\/2022\/02\/Design-ohne-Titel-1.jpg?fit=1080%2C1080&amp;ssl=1\" alt=\"Nicot Boden\" \/><\/figure><\/div><div class=\"swiper-slide\" role=\"group\" aria-roledescription=\"slide\" aria-label=\"19 von 34\"><figure class=\"swiper-slide-inner\"><img decoding=\"async\" class=\"swiper-slide-image\" src=\"https:\/\/i0.wp.com\/imkerhof-salzburg.at\/shop\/wp-content\/uploads\/2021\/04\/Apifonda.jpg?fit=801%2C801&amp;ssl=1\" alt=\"Api Fonda\" \/><\/figure><\/div><div class=\"swiper-slide\" role=\"group\" aria-roledescription=\"slide\" aria-label=\"20 von 34\"><figure class=\"swiper-slide-inner\"><img decoding=\"async\" class=\"swiper-slide-image\" src=\"https:\/\/i0.wp.com\/imkerhof-salzburg.at\/shop\/wp-content\/uploads\/2021\/04\/Inverto-Fix.jpg?fit=801%2C801&amp;ssl=1\" alt=\"Invertofix\" \/><\/figure><\/div><div class=\"swiper-slide\" role=\"group\" aria-roledescription=\"slide\" aria-label=\"21 von 34\"><figure class=\"swiper-slide-inner\"><img decoding=\"async\" class=\"swiper-slide-image\" src=\"https:\/\/i0.wp.com\/imkerhof-salzburg.at\/shop\/wp-content\/uploads\/2021\/05\/Wabendraht-verzinnt.jpg?fit=801%2C801&amp;ssl=1\" alt=\"R\u00e4hmchendraht\" \/><\/figure><\/div><div class=\"swiper-slide\" role=\"group\" aria-roledescription=\"slide\" aria-label=\"22 von 34\"><figure class=\"swiper-slide-inner\"><img decoding=\"async\" class=\"swiper-slide-image\" src=\"https:\/\/i0.wp.com\/imkerhof-salzburg.at\/shop\/wp-content\/uploads\/2021\/04\/Api-Herb-Candy.jpg?fit=801%2C801&amp;ssl=1\" alt=\"Api Herb\" \/><\/figure><\/div><div class=\"swiper-slide\" role=\"group\" aria-roledescription=\"slide\" aria-label=\"23 von 34\"><figure class=\"swiper-slide-inner\"><img decoding=\"async\" class=\"swiper-slide-image\" src=\"https:\/\/i0.wp.com\/imkerhof-salzburg.at\/shop\/wp-content\/uploads\/2021\/04\/BW-500.jpg?fit=801%2C801&amp;ssl=1\" alt=\"Bienenwohl\" \/><\/figure><\/div><div class=\"swiper-slide\" role=\"group\" aria-roledescription=\"slide\" aria-label=\"24 von 34\"><figure class=\"swiper-slide-inner\"><img decoding=\"async\" class=\"swiper-slide-image\" src=\"https:\/\/i0.wp.com\/imkerhof-salzburg.at\/shop\/wp-content\/uploads\/2021\/04\/Api-Candy.jpg?fit=801%2C801&amp;ssl=1\" alt=\"Api Candy\" \/><\/figure><\/div><div class=\"swiper-slide\" role=\"group\" aria-roledescription=\"slide\" aria-label=\"25 von 34\"><figure class=\"swiper-slide-inner\"><img decoding=\"async\" class=\"swiper-slide-image\" src=\"https:\/\/i0.wp.com\/imkerhof-salzburg.at\/shop\/wp-content\/uploads\/2021\/05\/Nicot-Zuchtset-2.jpg?fit=801%2C801&amp;ssl=1\" alt=\"Zuchtset\" \/><\/figure><\/div><div class=\"swiper-slide\" role=\"group\" aria-roledescription=\"slide\" aria-label=\"26 von 34\"><figure class=\"swiper-slide-inner\"><img decoding=\"async\" class=\"swiper-slide-image\" src=\"https:\/\/i0.wp.com\/imkerhof-salzburg.at\/shop\/wp-content\/uploads\/2021\/04\/Immenberg-Propolis.jpg?fit=801%2C801&amp;ssl=1\" alt=\"Propolistropfen\" \/><\/figure><\/div><div class=\"swiper-slide\" role=\"group\" aria-roledescription=\"slide\" aria-label=\"27 von 34\"><figure class=\"swiper-slide-inner\"><img decoding=\"async\" class=\"swiper-slide-image\" src=\"https:\/\/i0.wp.com\/imkerhof-salzburg.at\/shop\/wp-content\/uploads\/2021\/04\/Immenberg-Cremen.jpg?fit=801%2C801&amp;ssl=1\" alt=\"Immenberg Cremen\" \/><\/figure><\/div><div class=\"swiper-slide\" role=\"group\" aria-roledescription=\"slide\" aria-label=\"28 von 34\"><figure class=\"swiper-slide-inner\"><img decoding=\"async\" class=\"swiper-slide-image\" src=\"https:\/\/i0.wp.com\/imkerhof-salzburg.at\/shop\/wp-content\/uploads\/2021\/04\/Bienenwohl-1-scaled.jpg?fit=1920%2C1920&amp;ssl=1\" alt=\"Bienenwohl\" \/><\/figure><\/div><div class=\"swiper-slide\" role=\"group\" aria-roledescription=\"slide\" aria-label=\"29 von 34\"><figure class=\"swiper-slide-inner\"><img decoding=\"async\" class=\"swiper-slide-image\" src=\"https:\/\/i0.wp.com\/imkerhof-salzburg.at\/shop\/wp-content\/uploads\/2021\/04\/Propodrops.jpg?fit=801%2C801&amp;ssl=1\" alt=\"Propo Drop\" \/><\/figure><\/div><div class=\"swiper-slide\" role=\"group\" aria-roledescription=\"slide\" aria-label=\"30 von 34\"><figure class=\"swiper-slide-inner\"><img decoding=\"async\" class=\"swiper-slide-image\" src=\"https:\/\/i0.wp.com\/imkerhof-salzburg.at\/shop\/wp-content\/uploads\/2021\/04\/Immenberg-Elixier.jpg?fit=801%2C801&amp;ssl=1\" alt=\"Immenberg Elixier\" \/><\/figure><\/div><div class=\"swiper-slide\" role=\"group\" aria-roledescription=\"slide\" aria-label=\"31 von 34\"><figure class=\"swiper-slide-inner\"><img decoding=\"async\" class=\"swiper-slide-image\" src=\"https:\/\/i0.wp.com\/imkerhof-salzburg.at\/shop\/wp-content\/uploads\/2021\/04\/Immenberg-Sauna.jpg?fit=801%2C801&amp;ssl=1\" alt=\"Immenberg Sauna\" \/><\/figure><\/div><div class=\"swiper-slide\" role=\"group\" aria-roledescription=\"slide\" aria-label=\"32 von 34\"><figure class=\"swiper-slide-inner\"><img decoding=\"async\" class=\"swiper-slide-image\" src=\"https:\/\/i0.wp.com\/imkerhof-salzburg.at\/shop\/wp-content\/uploads\/2021\/04\/Api-Life-Var.png?fit=800%2C800&amp;ssl=1\" alt=\"ApiLive Var\" \/><\/figure><\/div><div class=\"swiper-slide\" role=\"group\" aria-roledescription=\"slide\" aria-label=\"33 von 34\"><figure class=\"swiper-slide-inner\"><img decoding=\"async\" class=\"swiper-slide-image\" src=\"https:\/\/i0.wp.com\/imkerhof-salzburg.at\/shop\/wp-content\/uploads\/2021\/04\/BW-Seite.jpg?fit=801%2C801&amp;ssl=1\" alt=\"Bienenwohl\" \/><\/figure><\/div><div class=\"swiper-slide\" role=\"group\" aria-roledescription=\"slide\" aria-label=\"34 von 34\"><figure class=\"swiper-slide-inner\"><img decoding=\"async\" class=\"swiper-slide-image\" src=\"https:\/\/i0.wp.com\/imkerhof-salzburg.at\/shop\/wp-content\/uploads\/2021\/05\/Entdeckelungsgabel.jpg?fit=801%2C801&amp;ssl=1\" alt=\"Entdeckelungsgabel\" \/><\/figure><\/div>\t\t\t<\/div>\n\t\t\t\t\t\t\t\t\t\t\t\t<div class=\"elementor-swiper-button elementor-swiper-button-prev\" role=\"button\" tabindex=\"0\">\n\t\t\t\t\t\t<i aria-hidden=\"true\" class=\"eicon-chevron-left\"><\/i>\t\t\t\t\t<\/div>\n\t\t\t\t\t<div class=\"elementor-swiper-button elementor-swiper-button-next\" role=\"button\" tabindex=\"0\">\n\t\t\t\t\t\t<i aria-hidden=\"true\" class=\"eicon-chevron-right\"><\/i>\t\t\t\t\t<\/div>\n\t\t\t\t\n\t\t\t\t\t\t\t\t\t<\/div>\n\t\t\t\t\t\t<\/div>\n\t\t\t\t<\/div>\n\t\t\t\t\t<\/div>\n\t\t<\/div>\n\t\t\t\t<div class=\"elementor-column elementor-col-50 elementor-top-column elementor-element elementor-element-451bbe6\" data-id=\"451bbe6\" data-element_type=\"column\" data-e-type=\"column\">\n\t\t\t<div class=\"elementor-widget-wrap elementor-element-populated\">\n\t\t\t\t\t\t<div class=\"elementor-element elementor-element-53413e5 elementor-widget elementor-widget-google_maps\" data-id=\"53413e5\" data-element_type=\"widget\" data-e-type=\"widget\" data-widget_type=\"google_maps.default\">\n\t\t\t\t<div class=\"elementor-widget-container\">\n\t\t\t\t\t\t\t<div class=\"elementor-custom-embed\">\n\t\t\t<iframe loading=\"lazy\"\n\t\t\t\t\tsrc=\"https:\/\/maps.google.com\/maps?q=Imkerhof%20Salzburg&#038;t=m&#038;z=11&#038;output=embed&#038;iwloc=near\"\n\t\t\t\t\ttitle=\"Imkerhof Salzburg\"\n\t\t\t\t\taria-label=\"Imkerhof Salzburg\"\n\t\t\t><\/iframe>\n\t\t<\/div>\n\t\t\t\t\t\t<\/div>\n\t\t\t\t<\/div>\n\t\t\t\t\t<\/div>\n\t\t<\/div>\n\t\t\t\t\t<\/div>\n\t\t<\/section>\n\t\t\t\t<section class=\"elementor-section elementor-top-section elementor-element elementor-element-0f9a79d elementor-section-boxed elementor-section-height-default elementor-section-height-default\" data-id=\"0f9a79d\" data-element_type=\"section\" data-e-type=\"section\">\n\t\t\t\t\t\t<div class=\"elementor-container elementor-column-gap-default\">\n\t\t\t\t\t<div class=\"elementor-column elementor-col-100 elementor-top-column elementor-element elementor-element-b4c11b3\" data-id=\"b4c11b3\" data-element_type=\"column\" data-e-type=\"column\">\n\t\t\t<div class=\"elementor-widget-wrap elementor-element-populated\">\n\t\t\t\t\t\t<div class=\"elementor-element elementor-element-3c5fef7 elementor-widget elementor-widget-spacer\" data-id=\"3c5fef7\" data-element_type=\"widget\" data-e-type=\"widget\" data-widget_type=\"spacer.default\">\n\t\t\t\t<div class=\"elementor-widget-container\">\n\t\t\t\t\t\t\t<div class=\"elementor-spacer\">\n\t\t\t<div class=\"elementor-spacer-inner\"><\/div>\n\t\t<\/div>\n\t\t\t\t\t\t<\/div>\n\t\t\t\t<\/div>\n\t\t\t\t\t<\/div>\n\t\t<\/div>\n\t\t\t\t\t<\/div>\n\t\t<\/section>\n\t\t\t\t<section class=\"elementor-section elementor-top-section elementor-element elementor-element-424b7e5 elementor-section-boxed elementor-section-height-default elementor-section-height-default\" data-id=\"424b7e5\" data-element_type=\"section\" data-e-type=\"section\">\n\t\t\t\t\t\t<div class=\"elementor-container elementor-column-gap-default\">\n\t\t\t\t\t<div class=\"elementor-column elementor-col-100 elementor-top-column elementor-element elementor-element-169f9fd\" data-id=\"169f9fd\" data-element_type=\"column\" data-e-type=\"column\">\n\t\t\t<div class=\"elementor-widget-wrap elementor-element-populated\">\n\t\t\t\t\t\t<div class=\"elementor-element elementor-element-dab1ecb elementor-widget elementor-widget-heading\" data-id=\"dab1ecb\" data-element_type=\"widget\" data-e-type=\"widget\" data-widget_type=\"heading.default\">\n\t\t\t\t<div class=\"elementor-widget-container\">\n\t\t\t\t\t<h2 class=\"elementor-heading-title elementor-size-large\">Landesverband und Genossenschaft<\/h2>\t\t\t\t<\/div>\n\t\t\t\t<\/div>\n\t\t\t\t<div class=\"elementor-element elementor-element-8dfb319 elementor-widget elementor-widget-text-editor\" data-id=\"8dfb319\" data-element_type=\"widget\" data-e-type=\"widget\" data-widget_type=\"text-editor.default\">\n\t\t\t\t<div class=\"elementor-widget-container\">\n\t\t\t\t\t\t\t\t\t<p><strong>Der Imkerhof Salzburg ist Sitz der beiden Organisationen der Salzburger Imkerschaft:<\/strong><\/p>\n<p>1. Landesverband f\u00fcr Imkerei und Bienenzucht in Salzburg, &#8220;Landesverband&#8221; oder &#8220;LV&#8221;<br>2. Salzburger Imkergenossenschaft reg.Gen.m.b.H. &#8220;Genossenschaft&#8221;<\/p>\n<p>Beide Organisationen sind eng miteinander verbunden und haben den gleichen Vorstand, die Vereinsmitglieder halten fast ausnahmslos auch Anteile an der Genossenschaft.<br>W\u00e4hrend der Landesverband quasi die &#8220;Software&#8221; (Lehre, Bildung, Ausbildung, Wissenschaft und Forschung, Zucht, div. Rechtsbereiche, Kommunikation, etc.) verantwortet, stellt die Genossenschaft die erforderliche Hardware (Imkereibedarf auf dem letzten Stand) zur Verf\u00fcgung.<\/p>\n<p><strong>LANDESVERBAND (LV)<\/strong><br>Von der Salzburger Landwirtschaftskammer anerkannte Fachorganisation f\u00fcr Bienenzucht im Land Salzburg;<br>Mitglied des \u00d6sterreichischen Imkerbundes.<\/p>\t\t\t\t\t\t\t\t<\/div>\n\t\t\t\t<\/div>\n\t\t\t\t\t<\/div>\n\t\t<\/div>\n\t\t\t\t\t<\/div>\n\t\t<\/section>\n\t\t\t\t<\/div>\n\t\t","protected":false},"excerpt":{"rendered":"<p>Salzburger Imkerschaft Liebe Imker\/Innen und Bienenfreunde, herzlichen Dank f\u00fcr euren Besuch auf unserer Homepage! Wir sind der Imkerhof des Landesverbandes f\u00fcr Imkerei und Bienenzucht im Bundesland Salzburg. Wir sehen uns [&hellip;]<\/p>\n","protected":false},"author":2,"featured_media":629,"parent":0,"menu_order":0,"comment_status":"closed","ping_status":"closed","template":"","meta":{"footnotes":""},"class_list":["post-2636","page","type-page","status-publish","has-post-thumbnail","hentry"],"jetpack_sharing_enabled":true,"_links":{"self":[{"href":"https:\/\/imkerhof-salzburg.at\/shop\/wp-json\/wp\/v2\/pages\/2636","targetHints":{"allow":["GET"]}}],"collection":[{"href":"https:\/\/imkerhof-salzburg.at\/shop\/wp-json\/wp\/v2\/pages"}],"about":[{"href":"https:\/\/imkerhof-salzburg.at\/shop\/wp-json\/wp\/v2\/types\/page"}],"author":[{"embeddable":true,"href":"https:\/\/imkerhof-salzburg.at\/shop\/wp-json\/wp\/v2\/users\/2"}],"replies":[{"embeddable":true,"href":"https:\/\/imkerhof-salzburg.at\/shop\/wp-json\/wp\/v2\/comments?post=2636"}],"version-history":[{"count":59,"href":"https:\/\/imkerhof-salzburg.at\/shop\/wp-json\/wp\/v2\/pages\/2636\/revisions"}],"predecessor-version":[{"id":8103,"href":"https:\/\/imkerhof-salzburg.at\/shop\/wp-json\/wp\/v2\/pages\/2636\/revisions\/8103"}],"wp:featuredmedia":[{"embeddable":true,"href":"https:\/\/imkerhof-salzburg.at\/shop\/wp-json\/wp\/v2\/media\/629"}],"wp:attachment":[{"href":"https:\/\/imkerhof-salzburg.at\/shop\/wp-json\/wp\/v2\/media?parent=2636"}],"curies":[{"name":"wp","href":"https:\/\/api.w.org\/{rel}","templated":true}]}}