{"id":772,"date":"2020-09-21T11:03:22","date_gmt":"2020-09-21T09:03:22","guid":{"rendered":"https:\/\/www.imkerhof-salzburg.at\/bienen\/?page_id=772"},"modified":"2026-04-07T10:31:09","modified_gmt":"2026-04-07T08:31:09","slug":"versand","status":"publish","type":"page","link":"https:\/\/imkerhof-salzburg.at\/shop\/versand\/","title":{"rendered":"Versand"},"content":{"rendered":"<h1><\/h1>\n<h1>Versand<\/h1>\n<p>Vielen Dank f\u00fcr Ihr Interesse an unseren Produkten. Wir versenden unsere Ware zuverl\u00e4ssig nach \u00d6sterreich und Deutschland.<br \/>\nWenn Sie aus einem anderen EU-Land kommen, bestellen Sie bitte per E-Mail (<a href=\"mailto:info@imkerhof-salzburg.at\">info@imkerhof-salzburg.at<\/a>). Wir erstellen gerne ein individuelles Angebot inkl. Versandkosten.<\/p>\n<p>Die genauen Versandkosten werden im Warenkorb berechnet. Die Versandkosten verstehen sich inkl. MwSt.<\/p>\n<p>Der Versand findet, mit Ausnahme von Sonn- und Feiertagen bzw. Betriebsurlaub, durchwegs innerhalb von 3 Tagen statt.<\/p>\n<p>F\u00fcr den Erhalt der Ware k\u00f6nnen Sie zwischen den Versand via DPD oder Abholung vor Ort w\u00e4hlen.<\/p>\n<p>Imker im Bundesland Salzburg haben die M\u00f6glichkeit sich ihre Bestellung innerhalb unserer Liefertouren (w\u00e4hrend der Saison ca. 1x pro Woche meist freitags) liefern zu lassen. Hierzu w\u00e4hlen Sie bitte \u201eAbholung vor Ort\u201c und schreiben Sie in das Kommentarfeld den Lieferwunsch.<br \/>\n<em>Dies gilt ausnahmslos f\u00fcr Imker im Bundesland Salzburg und innerhalb unserer Liefertouren!<\/em><\/p>\n<p>Bei Bestellungen, die nur via Palette versendet werden kann, wird ein individuelles Angebot f\u00fcr den Speditionspreis erstellt. Bitte solche Bestellungen (<a href=\"mailto:info@imkerhof-salzburg.at\">info@imkerhof-salzburg.at<\/a>) per E-Mail senden.<\/p>\n<p><em>\u00d6sterreich<\/em><\/p>\n<ul>\n<li>Versandkosten ab \u20ac 7,00<br \/>\nDer genaue Betrag wird im Warenkorb berechnet.<\/li>\n<li>Versandkostenfrei ab \u20ac 150,00 Bestellwert<\/li>\n<li>Abholung vor Ort m\u00f6glich<\/li>\n<li>Kostenlose Lieferung innerhalb vom Land Salzburg und unserer Liefertouren w\u00e4hrend der Saison m\u00f6glich.<\/li>\n<\/ul>\n<p><em>Deutschland<\/em><\/p>\n<ul>\n<li>Versandkosten ab \u20ac 12,00<br \/>\nDer genaue Betrag wird im Warenkorb berechnet.<\/li>\n<li>Versandkostenfrei ab \u20ac 150,00 Bestellwert<\/li>\n<li>Abholung vor Ort m\u00f6glich<\/li>\n<\/ul>\n","protected":false},"excerpt":{"rendered":"<p>Versand Vielen Dank f\u00fcr Ihr Interesse an unseren Produkten. Wir versenden unsere Ware zuverl\u00e4ssig nach \u00d6sterreich und Deutschland. Wenn Sie aus einem anderen EU-Land kommen, bestellen Sie bitte per E-Mail [&hellip;]<\/p>\n","protected":false},"author":1,"featured_media":0,"parent":0,"menu_order":0,"comment_status":"closed","ping_status":"closed","template":"","meta":{"footnotes":""},"class_list":["post-772","page","type-page","status-publish","hentry"],"jetpack_sharing_enabled":true,"_links":{"self":[{"href":"https:\/\/imkerhof-salzburg.at\/shop\/wp-json\/wp\/v2\/pages\/772","targetHints":{"allow":["GET"]}}],"collection":[{"href":"https:\/\/imkerhof-salzburg.at\/shop\/wp-json\/wp\/v2\/pages"}],"about":[{"href":"https:\/\/imkerhof-salzburg.at\/shop\/wp-json\/wp\/v2\/types\/page"}],"author":[{"embeddable":true,"href":"https:\/\/imkerhof-salzburg.at\/shop\/wp-json\/wp\/v2\/users\/1"}],"replies":[{"embeddable":true,"href":"https:\/\/imkerhof-salzburg.at\/shop\/wp-json\/wp\/v2\/comments?post=772"}],"version-history":[{"count":10,"href":"https:\/\/imkerhof-salzburg.at\/shop\/wp-json\/wp\/v2\/pages\/772\/revisions"}],"predecessor-version":[{"id":12399,"href":"https:\/\/imkerhof-salzburg.at\/shop\/wp-json\/wp\/v2\/pages\/772\/revisions\/12399"}],"wp:attachment":[{"href":"https:\/\/imkerhof-salzburg.at\/shop\/wp-json\/wp\/v2\/media?parent=772"}],"curies":[{"name":"wp","href":"https:\/\/api.w.org\/{rel}","templated":true}]}}